{"id":14,"date":"2018-06-26T14:30:50","date_gmt":"2018-06-26T12:30:50","guid":{"rendered":"https:\/\/www.marvil.sk\/wordpress-5\/?page_id=14"},"modified":"2020-01-27T11:51:23","modified_gmt":"2020-01-27T10:51:23","slug":"elementor-14","status":"publish","type":"page","link":"https:\/\/www.marvil.sk\/wordpress-5\/elementor-14\/","title":{"rendered":"\u00davod"},"content":{"rendered":"<p><img src=\"https:\/\/www.marvil.sk\/wordpress-5\/wp-content\/uploads\/2019\/09\/cropped-logo..jpg\" title=\"cropped-logo.\" alt=\"cropped-logo.\"><\/p>\n<h2>O n\u00e1S<\/h2>\n<p>Firma MarVil s.r.o. vznikla v roku 1993 s cie\u013eom zabezpe\u010dova\u0165 komplexn\u00e9 slu\u017eby a dod\u00e1vky v oblasti v\u00fdpo\u010dtovej techniky.<\/p>\n<p>Na\u0161a firma sa okrem tvorby a priebe\u017en\u00e9ho budovania jednotliv\u00fdch podsyst\u00e9mov ekonomick\u00e9ho informa\u010dn\u00e9ho syst\u00e9mu pois\u0165ovn\u00ed komer\u010dn\u00fdch aj zdravotn\u00fdch \/ Slovensk\u00e1 pois\u0165ov\u0148a, Hasi\u010dsk\u00e1 pois\u0165ov\u0148a, UNION, V\u017dP a.s., VZP D\u00f4vera,Tatra pois\u0165ov\u0148a\/ pod\u013ea objedn\u00e1vky s oh\u013eadom na konkr\u00e9tne po\u017eiadavky, zaober\u00e1 aj komplexn\u00fdmi dod\u00e1vkami podsyst\u00e9mov hlavne podvojn\u00e9ho \u00fa\u010dtovn\u00edctva pre podnikate\u013esk\u00e9 subjekty. Vzh\u013eadom na postupn\u00e9 vybudovanie vlastn\u00e9ho modul\u00e1rneho syst\u00e9mu a viacero druhov rie\u0161en\u00ed poskytujeme vypracovanie komplexn\u00fdch ekonomick\u00fdch informa\u010dn\u00fdch syst\u00e9mov pod\u013ea individu\u00e1lnych po\u017eiadaviek u\u017e\u00edvate\u013ea v kr\u00e1tkych dodac\u00edch term\u00ednoch. Na\u0161a firma p\u00f4sob\u00ed v oblasti organiz\u00e1ci\u00ed stavebn\u00edctva, tuzemsk\u00e9ho aj zahrani\u010dn\u00e9ho obchodu, a tie\u017e dod\u00e1va software pre firmy zabezpe\u010duj\u00face ekonomick\u00fd servis.<\/p>\n<p>V ponuke m\u00e1me poradensk\u00fa \u010dinnos\u0165, dod\u00e1vky po\u010d\u00edta\u010dov na b\u00e1ze PC,sie\u0165ov\u00e9 prepojenie po\u010d\u00edta\u010dov, in\u0161tal\u00e1ciu opera\u010dn\u00fdch syst\u00e9mov, \u00fapravu u\u017e\u00edvate\u013esk\u00e9ho prostredia v po\u010d\u00edta\u010doch, nastavenie tla\u010diarn\u00ed, mont\u00e1\u017e faxmodemov, pripojenie na INTERNET a pod.<\/p>\n<p>Na\u0161a \u010dinnos\u0165 v tejto oblasti je zameran\u00e1 sk\u00f4r na men\u0161ie organiz\u00e1cie s cie\u013eom komplexnej ponuky slu\u017eieb a dod\u00e1vok \/ poradenstvo po telef\u00f3ne, okam\u017eit\u00fd servisn\u00fd z\u00e1sah, postupn\u00e9 dod\u00e1vky r\u00f4znych zariaden\u00ed v\u00fdpo\u010dtovej techniky, ich pripojenie a pod.\/.<\/p>\n<p>\u010co sa t\u00fdka dod\u00e1vok hardware ide najm\u00e4 o zna\u010dkov\u00e9 po\u010d\u00edta\u010de GIGABYTE a HP. V pr\u00edpade z\u00e1ujmu o ekonomicky v\u00fdhodn\u00e9 zostavy m\u00e1me v ponuke tzv.sklada\u010dky MARVIL PC, ktor\u00e9 s\u00fa zostaven\u00e9 z osved\u010den\u00fdch komponentov firiem Western Digital, Sony, Intel, Mitsumi, Shuttle, Seagate, Cyber, Toshiba, Hewlett Packard a i..<\/p>\n<p>Firma p\u00f4sob\u00ed najm\u00e4 v oblasti poskytovania software podnikate\u013esk\u00fdm subjektom a pois\u0165ovniam od roku 1993, dod\u00e1vky hardware vzh\u013eadom na seri\u00f3zne zabezpe\u010denie aktu\u00e1lneho servisu s\u00fa zatia\u013e najm\u00e4 pre z\u00e1kazn\u00edkov v Bratislave a okol\u00ed.<\/p>\n","protected":false},"excerpt":{"rendered":"<p>O n\u00e1S Firma MarVil s.r.o. vznikla v roku 1993 s cie\u013eom zabezpe\u010dova\u0165 komplexn\u00e9 slu\u017eby a dod\u00e1vky v oblasti v\u00fdpo\u010dtovej techniky. Na\u0161a firma sa okrem tvorby a priebe\u017en\u00e9ho budovania jednotliv\u00fdch podsyst\u00e9mov ekonomick\u00e9ho informa\u010dn\u00e9ho syst\u00e9mu pois\u0165ovn\u00ed komer\u010dn\u00fdch aj zdravotn\u00fdch \/ Slovensk\u00e1 pois\u0165ov\u0148a, Hasi\u010dsk\u00e1 pois\u0165ov\u0148a, UNION, V\u017dP a.s., VZP D\u00f4vera,Tatra pois\u0165ov\u0148a\/ pod\u013ea objedn\u00e1vky s oh\u013eadom na konkr\u00e9tne po\u017eiadavky, [&hellip;]<\/p>\n","protected":false},"author":1,"featured_media":0,"parent":0,"menu_order":0,"comment_status":"closed","ping_status":"closed","template":"elementor_canvas","meta":[],"_links":{"self":[{"href":"https:\/\/www.marvil.sk\/wordpress-5\/wp-json\/wp\/v2\/pages\/14"}],"collection":[{"href":"https:\/\/www.marvil.sk\/wordpress-5\/wp-json\/wp\/v2\/pages"}],"about":[{"href":"https:\/\/www.marvil.sk\/wordpress-5\/wp-json\/wp\/v2\/types\/page"}],"author":[{"embeddable":true,"href":"https:\/\/www.marvil.sk\/wordpress-5\/wp-json\/wp\/v2\/users\/1"}],"replies":[{"embeddable":true,"href":"https:\/\/www.marvil.sk\/wordpress-5\/wp-json\/wp\/v2\/comments?post=14"}],"version-history":[{"count":103,"href":"https:\/\/www.marvil.sk\/wordpress-5\/wp-json\/wp\/v2\/pages\/14\/revisions"}],"predecessor-version":[{"id":381,"href":"https:\/\/www.marvil.sk\/wordpress-5\/wp-json\/wp\/v2\/pages\/14\/revisions\/381"}],"wp:attachment":[{"href":"https:\/\/www.marvil.sk\/wordpress-5\/wp-json\/wp\/v2\/media?parent=14"}],"curies":[{"name":"wp","href":"https:\/\/api.w.org\/{rel}","templated":true}]}}