{"id":406,"date":"2021-06-14T20:26:20","date_gmt":"2021-06-14T18:26:20","guid":{"rendered":"https:\/\/www.marvil.sk\/wordpress-5\/moj-ucet\/"},"modified":"2021-06-14T20:26:20","modified_gmt":"2021-06-14T18:26:20","slug":"moj-ucet","status":"publish","type":"page","link":"https:\/\/www.marvil.sk\/wordpress-5\/moj-ucet\/","title":{"rendered":"M\u00f4j \u00fa\u010det"},"content":{"rendered":"<div class=\"woocommerce\"><\/div>\n","protected":false},"excerpt":{"rendered":"","protected":false},"author":1,"featured_media":0,"parent":0,"menu_order":0,"comment_status":"closed","ping_status":"closed","template":"","meta":[],"_links":{"self":[{"href":"https:\/\/www.marvil.sk\/wordpress-5\/wp-json\/wp\/v2\/pages\/406"}],"collection":[{"href":"https:\/\/www.marvil.sk\/wordpress-5\/wp-json\/wp\/v2\/pages"}],"about":[{"href":"https:\/\/www.marvil.sk\/wordpress-5\/wp-json\/wp\/v2\/types\/page"}],"author":[{"embeddable":true,"href":"https:\/\/www.marvil.sk\/wordpress-5\/wp-json\/wp\/v2\/users\/1"}],"replies":[{"embeddable":true,"href":"https:\/\/www.marvil.sk\/wordpress-5\/wp-json\/wp\/v2\/comments?post=406"}],"version-history":[{"count":0,"href":"https:\/\/www.marvil.sk\/wordpress-5\/wp-json\/wp\/v2\/pages\/406\/revisions"}],"wp:attachment":[{"href":"https:\/\/www.marvil.sk\/wordpress-5\/wp-json\/wp\/v2\/media?parent=406"}],"curies":[{"name":"wp","href":"https:\/\/api.w.org\/{rel}","templated":true}]}}